{"id":128,"date":"2016-03-16T11:12:17","date_gmt":"2016-03-16T11:12:17","guid":{"rendered":"http:\/\/tomar2016.nazwa.pl\/instalator\/wordpress\/?page_id=128"},"modified":"2016-03-18T09:51:16","modified_gmt":"2016-03-18T09:51:16","slug":"o-firmie","status":"publish","type":"page","link":"http:\/\/systemart.pl\/?page_id=128","title":{"rendered":"O FIRMIE"},"content":{"rendered":"<p>&nbsp;<\/p>\n<p><span style=\"color: #ffffff;\">TOMAR s.c. to dynamiczna, nowoczesna firma komputerowo-informatyczna.<\/span><\/p>\n<hr \/>\n<p><span style=\"color: #ffffff;\">Zatrudniamy dobrze wyszkolony zesp\u00f3\u0142 \u00a0serwisant\u00f3w, gotowych sprosta\u0107 nawet najtrudniejszym wymaganiom klienta.<\/span><\/p>\n<hr \/>\n<p><span style=\"color: #ffffff;\">Kompleksowo realizujemy zam\u00f3wienia dotycz\u0105ce: \u00a0stron www, oprogramowania, sprz\u0119tu komputerowego i fiskalnego.<\/span><\/p>\n<hr \/>\n<p><span style=\"color: #ffffff;\">Posiadamy bogate do\u015bwiadczenie, zar\u00f3wno w dziedzinie sprz\u0119tu i technologii jak r\u00f3wnie\u017c oprogramowania komputerowego.<\/span><\/p>\n<hr \/>\n<p><span style=\"color: #ffffff;\">Ofert\u0119 nasz\u0105 kierujemy przede wszystkim do tych klient\u00f3w, kt\u00f3rzy oczekuj\u0105 us\u0142ug profesjonalnych i na najwy\u017cszym poziomie.<\/span><\/p>\n","protected":false},"excerpt":{"rendered":"<p>&nbsp; TOMAR s.c. to dynamiczna, nowoczesna firma komputerowo-informatyczna. Zatrudniamy dobrze wyszkolony zesp\u00f3\u0142 \u00a0serwisant\u00f3w, gotowych sprosta\u0107 nawet najtrudniejszym wymaganiom klienta. Kompleksowo realizujemy zam\u00f3wienia dotycz\u0105ce: \u00a0stron www, oprogramowania, sprz\u0119tu komputerowego i fiskalnego. Posiadamy bogate do\u015bwiadczenie, zar\u00f3wno w dziedzinie sprz\u0119tu i technologii jak &hellip; <a href=\"http:\/\/systemart.pl\/?page_id=128\">Continued<\/a><\/p>\n","protected":false},"author":1,"featured_media":0,"parent":0,"menu_order":0,"comment_status":"closed","ping_status":"closed","template":"page-fullwidth.php","meta":{"kt_blocks_editor_width":""},"aioseo_notices":[],"_links":{"self":[{"href":"http:\/\/systemart.pl\/index.php?rest_route=\/wp\/v2\/pages\/128"}],"collection":[{"href":"http:\/\/systemart.pl\/index.php?rest_route=\/wp\/v2\/pages"}],"about":[{"href":"http:\/\/systemart.pl\/index.php?rest_route=\/wp\/v2\/types\/page"}],"author":[{"embeddable":true,"href":"http:\/\/systemart.pl\/index.php?rest_route=\/wp\/v2\/users\/1"}],"replies":[{"embeddable":true,"href":"http:\/\/systemart.pl\/index.php?rest_route=%2Fwp%2Fv2%2Fcomments&post=128"}],"version-history":[{"count":9,"href":"http:\/\/systemart.pl\/index.php?rest_route=\/wp\/v2\/pages\/128\/revisions"}],"predecessor-version":[{"id":449,"href":"http:\/\/systemart.pl\/index.php?rest_route=\/wp\/v2\/pages\/128\/revisions\/449"}],"wp:attachment":[{"href":"http:\/\/systemart.pl\/index.php?rest_route=%2Fwp%2Fv2%2Fmedia&parent=128"}],"curies":[{"name":"wp","href":"https:\/\/api.w.org\/{rel}","templated":true}]}}